{"id":8,"date":"2016-03-19T13:30:17","date_gmt":"2016-03-19T11:30:17","guid":{"rendered":"http:\/\/olkkoset.net\/site\/?page_id=8"},"modified":"2016-03-20T17:57:12","modified_gmt":"2016-03-20T15:57:12","slug":"historia","status":"publish","type":"page","link":"https:\/\/www.olkkoset.net\/site\/historia\/","title":{"rendered":"Historia"},"content":{"rendered":"<section class='quest-row ' style='background-attachment:fixed; padding-top:30px; padding-bottom:30px; border-top-width:0px; border-bottom-width:0px; border-top-color:#e5e5e5; border-bottom-color:#e5e5e5' id='pt_pb_section__1_1458489380' >\n<div class='container'>\n<div class='row  ' style='padding-top:0px; padding-bottom:0px'>\n<div class='meta-slider-wrapper '><div id=\"metaslider-id-71\" style=\"width: 100%; margin: 0 auto;\" class=\"ml-slider-3-108-0 metaslider metaslider-flex metaslider-71 ml-slider has-dots-nav ms-theme-default\" role=\"region\" aria-label=\"Historia\" data-height=\"412\" data-width=\"1170\">\n    <div id=\"metaslider_container_71\">\n        <div id=\"metaslider_71\">\n            <ul class='slides'>\n                <li style=\"display: block; width: 100%;\" class=\"slide-75 ms-image \" aria-roledescription=\"slide\" data-date=\"2016-03-20 18:03:41\" data-filename=\"header_historia.jpg\" data-slide-type=\"image\"><img loading=\"lazy\" decoding=\"async\" src=\"https:\/\/www.olkkoset.net\/site\/wp-content\/uploads\/2016\/03\/header_historia.jpg\" height=\"412\" width=\"1170\" alt=\"\" class=\"slider-71 slide-75 msDefaultImage\" \/><\/li>\n            <\/ul>\n        <\/div>\n        \n    <\/div>\n<\/div><\/div>\n<\/p><\/div>\n<\/p><\/div>\n<div class='container'>\n<div class='row  ' style='padding-top:0px; padding-bottom:0px'>\n<div class='col-md-6 ' style='border-left-width:0px; border-right-width:0px'>\n<div class='quest-col-wrap'>\n<div data-wow-delay='600ms' class='quest-module-wrap ' style='padding-top:0px; padding-bottom:0px; padding-left:0px; padding-right:0px; margin-bottom:20px'>\n<div class='module-text'>\n<p><span class=\"leipis\">Olkkosten suvun vaiheita on selvitetty 1800 -luvun alkupuolille. Varhaisimpia tietoja on, ett\u00e4 <\/span><span class=\"leipis1\">Talollinen Sipi Petterinpojalle<\/span><span class=\"leipis\"> ja <\/span><span class=\"leipis1\">Maria Antintyt<\/span><span class=\"leipis\">t\u00e4relle on syntynyt poika, <\/span><span class=\"leipis1\">Vilppu Sipinpoika<\/span><span class=\"leipis\">, vuonna 24.3.1818.<\/span><\/p>\n<p>Vilppu Sipinpoika on avioitunut Eeva Aatamintytt\u00e4ren kanssa ja muuttanut Vuorenkyl\u00e4n (Wuori) Olkkolan taloon.<\/p>\n<p>Ennen muuttoa Vilpulle ja Eevalle syntyi poika Jeremias 5.7.1850, joka my\u00f6hemmin avioitui Fredrika Antintytt\u00e4ren eli naapuritalon tytt\u00e4ren kanssa. Heid\u00e4n tiedet\u00e4\u00e4n k\u00e4ytt\u00e4neen jo sukunime\u00e4 Olkkonen jossain vaiheessa el\u00e4m\u00e4\u00e4ns\u00e4.<\/p>\n<p>Jeremiasta ja Fredrikaa pidet\u00e4\u00e4n Olkkosten suvun kantais\u00e4n\u00e4 ja \u00e4itin\u00e4.<\/p>\n<p>Vanhin heid\u00e4n lapsista, Maria, avioitui Juho Hokkasen kanssa ja heid\u00e4n asuinpaikkansa oli Rantalan tila. Jeremias Jerenpoika avioitui kahdesti saaden molemmista liitoistaan yhteens\u00e4 16 lasta. He asuivat suvun kantatilalla Purrissa.<\/p>\n<p>Karoliina avioitui Kaarle Lopansaaren kanssa ja heid\u00e4n asinpaikkansa oli Lopansaari. Antti avioitui Elin Sofia Rosenbergin kanssa ja heid\u00e4n asuinpaikkansa oli Ventalan tila.<\/p>\n<p>Vilppu avioitui Johanna Hartosen kanssa ja he asuivat Viinam\u00e4en tilalla. Eva Lydia avioitui Johannes Emil Reinan kanssa ja he asuivat Reinan tilalla.<\/p>\n<p>Sukuluettelossamme on t\u00e4ll\u00e4 hetkell\u00e4 n. 680 j\u00e4lkel\u00e4ist\u00e4 tai heid\u00e4n puolisoaan, joista elossa on n. 580.<\/p>\n<\/div>\n<\/div><\/div>\n<\/div>\n<div class='col-md-6 ' style='border-left-width:0px; border-right-width:0px'>\n<div class='quest-col-wrap'>\n<div data-wow-delay='800ms' class='quest-module-wrap ' style='padding-top:0px; padding-bottom:0px; padding-left:0px; padding-right:0px; margin-bottom:20px'>\n<figure style='text-align:center;'><a target='_blank' href='https:\/\/www.olkkoset.net\/site\/wp-content\/uploads\/2016\/03\/vaakuna.gif' class='lightbox gallery'><img src='https:\/\/www.olkkoset.net\/site\/wp-content\/uploads\/2016\/03\/vaakuna.gif' \/><\/a><\/figure>\n<\/div><\/div>\n<\/div><\/div>\n<\/p><\/div>\n<\/section>\n","protected":false},"excerpt":{"rendered":"<p>Olkkosten suvun vaiheita on selvitetty 1800 -luvun alkupuolille. Varhaisimpia tietoja on, ett\u00e4 Talollinen Sipi Petterinpojalle ja Maria Antintytt\u00e4relle on syntynyt poika, Vilppu Sipinpoika, vuonna 24.3.1818. Vilppu Sipinpoika on avioitunut Eeva Aatamintytt\u00e4ren kanssa ja muuttanut Vuorenkyl\u00e4n (Wuori) Olkkolan taloon. Ennen muuttoa Vilpulle ja Eevalle syntyi poika Jeremias 5.7.1850, joka my\u00f6hemmin avioitui Fredrika Antintytt\u00e4ren eli naapuritalon tytt\u00e4ren [&hellip;]<\/p>\n","protected":false},"author":1,"featured_media":0,"parent":0,"menu_order":0,"comment_status":"closed","ping_status":"closed","template":"page-builder.php","meta":{"footnotes":""},"class_list":["post-8","page","type-page","status-publish","hentry"],"_links":{"self":[{"href":"https:\/\/www.olkkoset.net\/site\/wp-json\/wp\/v2\/pages\/8","targetHints":{"allow":["GET"]}}],"collection":[{"href":"https:\/\/www.olkkoset.net\/site\/wp-json\/wp\/v2\/pages"}],"about":[{"href":"https:\/\/www.olkkoset.net\/site\/wp-json\/wp\/v2\/types\/page"}],"author":[{"embeddable":true,"href":"https:\/\/www.olkkoset.net\/site\/wp-json\/wp\/v2\/users\/1"}],"replies":[{"embeddable":true,"href":"https:\/\/www.olkkoset.net\/site\/wp-json\/wp\/v2\/comments?post=8"}],"version-history":[{"count":3,"href":"https:\/\/www.olkkoset.net\/site\/wp-json\/wp\/v2\/pages\/8\/revisions"}],"predecessor-version":[{"id":74,"href":"https:\/\/www.olkkoset.net\/site\/wp-json\/wp\/v2\/pages\/8\/revisions\/74"}],"wp:attachment":[{"href":"https:\/\/www.olkkoset.net\/site\/wp-json\/wp\/v2\/media?parent=8"}],"curies":[{"name":"wp","href":"https:\/\/api.w.org\/{rel}","templated":true}]}}