{"id":44,"date":"2016-03-19T18:59:43","date_gmt":"2016-03-19T16:59:43","guid":{"rendered":"http:\/\/olkkoset.net\/site\/membership-login\/"},"modified":"2016-03-22T14:58:50","modified_gmt":"2016-03-22T12:58:50","slug":"sukulaisille","status":"publish","type":"page","link":"https:\/\/www.olkkoset.net\/site\/sukulaisille\/","title":{"rendered":"Sukulaisille"},"content":{"rendered":"<section class='quest-row ' style='background-attachment:fixed; padding-top:30px; padding-bottom:30px; border-top-width:0px; border-bottom-width:0px; border-top-color:#e5e5e5; border-bottom-color:#e5e5e5' id='pt_pb_section__1_1458490566' >\n<div class='container'>\n<div class='row  ' style='padding-top:0px; padding-bottom:0px'>\n<div class='col-md-6 ' style='border-left-width:0px; border-right-width:0px'>\n<div class='quest-col-wrap'>\n<div data-wow-delay='600ms' class='quest-module-wrap ' style='padding-top:0px; padding-bottom:0px; padding-left:0px; padding-right:0px; margin-bottom:20px'>\n<div class='module-text'><span class=\"rcp-restricted-content-message\">You do not have access to this post.<\/span><\/p>\n<div style=\"width: 280px;\"><form name=\"loginform-wplfta\" id=\"loginform-wplfta\" action=\"https:\/\/www.olkkoset.net\/site\/wp-login.php\" method=\"post\"><p class=\"login-username\">\n\t\t\t\t<label for=\"user_login\">K\u00e4ytt\u00e4j\u00e4tunnus<\/label>\n\t\t\t\t<input type=\"text\" name=\"log\" id=\"user_login\" autocomplete=\"username\" class=\"input\" value=\"\" size=\"20\" \/>\n\t\t\t<\/p><p class=\"login-password\">\n\t\t\t\t<label for=\"user_pass\">Salasana<\/label>\n\t\t\t\t<input type=\"password\" name=\"pwd\" id=\"user_pass\" autocomplete=\"current-password\" spellcheck=\"false\" class=\"input\" value=\"\" size=\"20\" \/>\n\t\t\t<\/p><p class=\"login-submit\">\n\t\t\t\t<input type=\"submit\" name=\"wp-submit\" id=\"wp-submit\" class=\"button button-primary\" value=\"Kirjaudu sis\u00e4\u00e4n\" \/>\n\t\t\t\t<input type=\"hidden\" name=\"redirect_to\" value=\"https:\/\/www.olkkoset.net\/site\/etusivu-sukulaisille\" \/>\n\t\t\t<\/p><\/form><\/div>\n<\/div>\n<\/div><\/div>\n<\/div>\n<div class='col-md-6 ' style='border-left-width:0px; border-right-width:0px'>\n<div class='quest-col-wrap'>\n\t\t\t<\/div>\n<\/div><\/div>\n<\/p><\/div>\n<\/section>\n","protected":false},"excerpt":{"rendered":"","protected":false},"author":1,"featured_media":0,"parent":0,"menu_order":0,"comment_status":"closed","ping_status":"closed","template":"page-builder.php","meta":{"footnotes":""},"class_list":["post-44","page","type-page","status-publish","hentry"],"_links":{"self":[{"href":"https:\/\/www.olkkoset.net\/site\/wp-json\/wp\/v2\/pages\/44","targetHints":{"allow":["GET"]}}],"collection":[{"href":"https:\/\/www.olkkoset.net\/site\/wp-json\/wp\/v2\/pages"}],"about":[{"href":"https:\/\/www.olkkoset.net\/site\/wp-json\/wp\/v2\/types\/page"}],"author":[{"embeddable":true,"href":"https:\/\/www.olkkoset.net\/site\/wp-json\/wp\/v2\/users\/1"}],"replies":[{"embeddable":true,"href":"https:\/\/www.olkkoset.net\/site\/wp-json\/wp\/v2\/comments?post=44"}],"version-history":[{"count":13,"href":"https:\/\/www.olkkoset.net\/site\/wp-json\/wp\/v2\/pages\/44\/revisions"}],"predecessor-version":[{"id":167,"href":"https:\/\/www.olkkoset.net\/site\/wp-json\/wp\/v2\/pages\/44\/revisions\/167"}],"wp:attachment":[{"href":"https:\/\/www.olkkoset.net\/site\/wp-json\/wp\/v2\/media?parent=44"}],"curies":[{"name":"wp","href":"https:\/\/api.w.org\/{rel}","templated":true}]}}