{"id":4,"date":"2016-03-19T13:29:22","date_gmt":"2016-03-19T11:29:22","guid":{"rendered":"http:\/\/olkkoset.net\/site\/?page_id=4"},"modified":"2016-06-15T17:05:45","modified_gmt":"2016-06-15T14:05:45","slug":"tervetuloa-olkkosten-www-sivuille","status":"publish","type":"page","link":"https:\/\/www.olkkoset.net\/site\/","title":{"rendered":"Tervetuloa Olkkosten www-sivuille!"},"content":{"rendered":"<section class='quest-row ' style='background-attachment:fixed; padding-top:0px; padding-bottom:30px; border-top-width:0px; border-bottom-width:0px; border-top-color:#e5e5e5; border-bottom-color:#e5e5e5' id='pt_pb_section__1_1458387378' >\n<div class='container'>\n<div class='row  ' style='padding-top:0px; padding-bottom:0px'>\n<div class='meta-slider-wrapper '><div id=\"metaslider-id-58\" style=\"width: 100%; margin: 0 auto;\" class=\"ml-slider-3-108-0 metaslider metaslider-flex metaslider-58 ml-slider has-dots-nav ms-theme-default\" role=\"region\" aria-label=\"Etusivu\" data-height=\"412\" data-width=\"1170\">\n    <div id=\"metaslider_container_58\">\n        <div id=\"metaslider_58\">\n            <ul class='slides'>\n                <li style=\"display: block; width: 100%;\" class=\"slide-214 ms-image \" aria-roledescription=\"slide\" data-date=\"2016-06-15 16:51:50\" data-filename=\"header_etusivu.jpg\" data-slide-type=\"image\"><img loading=\"lazy\" decoding=\"async\" src=\"https:\/\/www.olkkoset.net\/site\/wp-content\/uploads\/2016\/06\/header_etusivu.jpg\" height=\"412\" width=\"1170\" alt=\"\" class=\"slider-58 slide-214 msDefaultImage\" \/><\/li>\n            <\/ul>\n        <\/div>\n        \n    <\/div>\n<\/div><\/div>\n<\/p><\/div>\n<\/p><\/div>\n<div class='container'>\n<div class='row  ' style='padding-top:0px; padding-bottom:0px'>\n<div class='col-md-6 ' style='border-left-width:0px; border-right-width:0px'>\n<div class='quest-col-wrap'>\n<div data-wow-delay='200ms' class='quest-module-wrap ' style='padding-top:0px; padding-bottom:0px; padding-left:0px; padding-right:0px; margin-bottom:20px'>\n<div class='module-text'>\n<div class=\"entry-content\">\n<h1><span class=\"otsikko\">Tervetuloa Olkkosten www-sivuille!<\/span><\/h1>\n<p><span class=\"otsikko\"><strong>Seuraava sukukokous lauantaina 12.6.2021?<\/strong><\/span><\/p>\n<p>Kiitos kaikille sukukokoukseen\u00a0osallistuneille! Oli aivan mahtavat juhlat!\u00a0Seuraavaa sukukokousta ei ole viel\u00e4 sovittu, mutta otsikon ajankohta kannattaa laittaa jo kalenteriin varatuksi. Silloin todenn\u00e4k\u00f6isesti tavataan, viimeist\u00e4\u00e4n!\u00a0<\/p>\n<p><span class=\"leipis\">N\u00e4m\u00e4 sivut on tehty Jeremias Vilpunpojan ja Fredrika Antintyt\u00e4r Roligin j\u00e4lkel\u00e4isten sek\u00e4 heid\u00e4n puolisoidensa yhteydenpitov\u00e4lineeksi.<\/span><\/p>\n<p><span class=\"otsikko\"><span class=\"leipis\">T\u00e4h\u00e4n verkkopalveluun kuuluu lis\u00e4ksi salasanalla suojatut sivut, jotka sis\u00e4lt\u00e4v\u00e4t vain\u00a0Olkkosen suvun j\u00e4lkel\u00e4isille ja heid\u00e4n puolisoilleen\u00a0tarkoitettua tietoa.\u00a0<\/span><\/span><\/p>\n<p>Sielt\u00e4 l\u00f6ytyy mm. sukutaulut, jotka kertovat eri suvun j\u00e4senten paikan sukupuussa. My\u00f6hemmin on tarkoitus lis\u00e4t\u00e4 informaation m\u00e4\u00e4r\u00e4\u00e4.\u00a0<\/p>\n<p>Verkkopalvelu on my\u00f6s yhdysside varsin laajalle suvulle. Toivommekin, ett\u00e4 l\u00f6yd\u00e4tte t\u00e4m\u00e4n verkkopalvelun mielenkiintoiseksi, sukua yhdist\u00e4v\u00e4ksi tekij\u00e4ksi, josta voi olla my\u00f6s hy\u00f6ty\u00e4 omia juuriaan etsiess\u00e4\u00e4n.<\/p>\n<p>Toimikunnan puolesta, Pasi Olkkonen<\/p>\n<\/div>\n<\/div>\n<\/div><\/div>\n<\/div>\n<div class='col-md-6 ' style='border-left-width:0px; border-right-width:0px'>\n<div class='quest-col-wrap'>\n<div data-wow-delay='400ms' class='quest-module-wrap ' style='padding-top:0px; padding-bottom:0px; padding-left:0px; padding-right:0px; margin-bottom:20px'>\n<div class='module-text'>\n<h2>Ajankohtaista<\/h2>\n<ul class=\"lcp_catlist\" id=\"lcp_instance_0\"><li><a href=\"https:\/\/www.olkkoset.net\/site\/vilho-olkkonen-kertoo-tiilitehtaasta\/\">Vilho Olkkonen kertoo tiilitehtaasta<\/a><\/li><li><a href=\"https:\/\/www.olkkoset.net\/site\/huomista-kokousta-kohti\/\">Huomista kokousta kohti..<\/a><\/li><li><a href=\"https:\/\/www.olkkoset.net\/site\/ilmoittautumisaikaa-sukukokoukseen-jatkettu\/\">Ilmoittautumisaikaa sukukokoukseen jatkettu!<\/a><\/li><li><a href=\"https:\/\/www.olkkoset.net\/site\/kutsu-sukukokoukseen-11-6-2016-klo-1200-vuorenkylan-purriin\/\">Kutsu sukukokoukseen 11.6.2016 klo 12:00 Vuorenkyl\u00e4n Purriin<\/a><\/li><li><a href=\"https:\/\/www.olkkoset.net\/site\/seuraava-sukukokous-vuorenkylan-purrissa-11-6-2016-klo-12-00\/\">Seuraava sukukokous Vuorenkyl\u00e4n Purrissa 11.6.2016 klo 12.00!<\/a><\/li><li><a href=\"https:\/\/www.olkkoset.net\/site\/kiitokset-viimeisesta-kokouksesta-11-6-2011\/\">Kiitokset viimeisest\u00e4 kokouksesta 11.6.2011<\/a><\/li><\/ul>\n<h2>Liity suvun uutiskirjeen vastaanottajaksi<\/h2>\n<script>(function() {\n\twindow.mc4wp = window.mc4wp || {\n\t\tlisteners: [],\n\t\tforms: {\n\t\t\ton: function(evt, cb) {\n\t\t\t\twindow.mc4wp.listeners.push(\n\t\t\t\t\t{\n\t\t\t\t\t\tevent   : evt,\n\t\t\t\t\t\tcallback: cb\n\t\t\t\t\t}\n\t\t\t\t);\n\t\t\t}\n\t\t}\n\t}\n})();\n<\/script><!-- Mailchimp for WordPress v4.12.1 - https:\/\/wordpress.org\/plugins\/mailchimp-for-wp\/ --><form id=\"mc4wp-form-1\" class=\"mc4wp-form mc4wp-form-182\" method=\"post\" data-id=\"182\" data-name=\"Liity suvun uutiskirjeen vastaanottajaksi\" ><div class=\"mc4wp-form-fields\"><p>\r\n  <p><label>Etunimi<\/label>\r\n    <input type=\"text\" name=\"FNAME\" required>\r\n  <\/p>\r\n  <p>\r\n    <label>Sukunimi<\/label>\r\n    <input type=\"text\" name=\"LNAME\" required>\r\n  <\/p>\r\n\r\n<\/p>\r\n<p>\r\n\t<label>S\u00e4hk\u00f6postiosoite: <\/label>\r\n\t<input type=\"email\" name=\"EMAIL\" placeholder=\"S\u00e4hk\u00f6postiosoite\" required \/>\r\n<\/p>\r\n\r\n<p>\r\n\t<input type=\"submit\" value=\"Liity uutiskirjeen vastaanottajaksi\" \/>\r\n<\/p><\/div><label style=\"display: none !important;\">Leave this field empty if you're human: <input type=\"text\" name=\"_mc4wp_honeypot\" value=\"\" tabindex=\"-1\" autocomplete=\"off\" \/><\/label><input type=\"hidden\" name=\"_mc4wp_timestamp\" value=\"1776688143\" \/><input type=\"hidden\" name=\"_mc4wp_form_id\" value=\"182\" \/><input type=\"hidden\" name=\"_mc4wp_form_element_id\" value=\"mc4wp-form-1\" \/><div class=\"mc4wp-response\"><\/div><\/form><!-- \/ Mailchimp for WordPress Plugin --><\/div>\n<\/div><\/div>\n<\/div><\/div>\n<\/p><\/div>\n<\/section>\n","protected":false},"excerpt":{"rendered":"<p>Tervetuloa Olkkosten www-sivuille! Seuraava sukukokous lauantaina 12.6.2021? Kiitos kaikille sukukokoukseen\u00a0osallistuneille! Oli aivan mahtavat juhlat!\u00a0Seuraavaa sukukokousta ei ole viel\u00e4 sovittu, mutta otsikon ajankohta kannattaa laittaa jo kalenteriin varatuksi. Silloin todenn\u00e4k\u00f6isesti tavataan, viimeist\u00e4\u00e4n!\u00a0 N\u00e4m\u00e4 sivut on tehty Jeremias Vilpunpojan ja Fredrika Antintyt\u00e4r Roligin j\u00e4lkel\u00e4isten sek\u00e4 heid\u00e4n puolisoidensa yhteydenpitov\u00e4lineeksi. T\u00e4h\u00e4n verkkopalveluun kuuluu lis\u00e4ksi salasanalla suojatut sivut, jotka sis\u00e4lt\u00e4v\u00e4t [&hellip;]<\/p>\n","protected":false},"author":1,"featured_media":0,"parent":0,"menu_order":0,"comment_status":"closed","ping_status":"closed","template":"page-builder.php","meta":{"footnotes":""},"class_list":["post-4","page","type-page","status-publish","hentry"],"_links":{"self":[{"href":"https:\/\/www.olkkoset.net\/site\/wp-json\/wp\/v2\/pages\/4","targetHints":{"allow":["GET"]}}],"collection":[{"href":"https:\/\/www.olkkoset.net\/site\/wp-json\/wp\/v2\/pages"}],"about":[{"href":"https:\/\/www.olkkoset.net\/site\/wp-json\/wp\/v2\/types\/page"}],"author":[{"embeddable":true,"href":"https:\/\/www.olkkoset.net\/site\/wp-json\/wp\/v2\/users\/1"}],"replies":[{"embeddable":true,"href":"https:\/\/www.olkkoset.net\/site\/wp-json\/wp\/v2\/comments?post=4"}],"version-history":[{"count":25,"href":"https:\/\/www.olkkoset.net\/site\/wp-json\/wp\/v2\/pages\/4\/revisions"}],"predecessor-version":[{"id":216,"href":"https:\/\/www.olkkoset.net\/site\/wp-json\/wp\/v2\/pages\/4\/revisions\/216"}],"wp:attachment":[{"href":"https:\/\/www.olkkoset.net\/site\/wp-json\/wp\/v2\/media?parent=4"}],"curies":[{"name":"wp","href":"https:\/\/api.w.org\/{rel}","templated":true}]}}