{"id":10,"date":"2016-03-19T13:32:23","date_gmt":"2016-03-19T11:32:23","guid":{"rendered":"http:\/\/olkkoset.net\/site\/?page_id=10"},"modified":"2016-03-20T18:12:06","modified_gmt":"2016-03-20T16:12:06","slug":"toimikunta","status":"publish","type":"page","link":"https:\/\/www.olkkoset.net\/site\/toimikunta\/","title":{"rendered":"Toimikunta"},"content":{"rendered":"<section class='quest-row ' style='background-attachment:fixed; padding-top:30px; padding-bottom:30px; border-top-width:0px; border-bottom-width:0px; border-top-color:#e5e5e5; border-bottom-color:#e5e5e5' id='pt_pb_section__1_1458394462' >\n<div class='container'>\n<div class='row  ' style='padding-top:0px; padding-bottom:0px'>\n<div class='meta-slider-wrapper '><div id=\"metaslider-id-76\" style=\"width: 100%; margin: 0 auto;\" class=\"ml-slider-3-108-0 metaslider metaslider-flex metaslider-76 ml-slider has-dots-nav ms-theme-default\" role=\"region\" aria-label=\"Toimikunta\" data-height=\"412\" data-width=\"1170\">\n    <div id=\"metaslider_container_76\">\n        <div id=\"metaslider_76\">\n            <ul class='slides'>\n                <li style=\"display: block; width: 100%;\" class=\"slide-79 ms-image \" aria-roledescription=\"slide\" data-date=\"2016-03-20 18:14:25\" data-filename=\"header_toimikunta.jpg\" data-slide-type=\"image\"><img loading=\"lazy\" decoding=\"async\" src=\"https:\/\/www.olkkoset.net\/site\/wp-content\/uploads\/2016\/03\/header_toimikunta.jpg\" height=\"412\" width=\"1170\" alt=\"\" class=\"slider-76 slide-79 msDefaultImage\" \/><\/li>\n            <\/ul>\n        <\/div>\n        \n    <\/div>\n<\/div><\/div>\n<\/p><\/div>\n<\/p><\/div>\n<div class='container'>\n<div class='row  ' style='padding-top:0px; padding-bottom:0px'>\n<div class='col-md-6 ' style='border-left-width:0px; border-right-width:0px'>\n<div class='quest-col-wrap'>\n<div data-wow-delay='600ms' class='quest-module-wrap ' style='padding-top:0px; padding-bottom:0px; padding-left:0px; padding-right:0px; margin-bottom:20px'>\n<div class='module-text'>\n<p><strong>Olkkosten toimikunta<\/strong><\/p>\n<p>Eri sukuhaaroille on nimetty oma yhteyshenkil\u00f6, jonka teht\u00e4v\u00e4n\u00e4 on v\u00e4litt\u00e4\u00e4 tietoa omasta sukuhaarastaan t\u00e4nne www-sivuille.<\/p>\n<p>Yhteyshenkil\u00f6iden lis\u00e4ksi sukutoimikuntaan kuuluu muutama suvun aktiivinen j\u00e4sen, jotka ovat auttaneet tietojen ker\u00e4\u00e4misess\u00e4, toiminnan organisoinnissa sek\u00e4 ensimm\u00e4isen sukukokouksen j\u00e4rjest\u00e4misess\u00e4.<\/p>\n<table class=\"leipis\" border=\"0\" summary=\"\" width=\"474\" cellspacing=\"2\" cellpadding=\"2\">\n<tbody>\n<tr>\n<td><strong><span class=\"valiotsikko\">Maria<\/span><\/strong><\/td>\n<td>\u00a0<\/td>\n<td><strong><span class=\"valiotsikko\">Antti<\/span><\/strong><\/td>\n<td>\u00a0<\/td>\n<\/tr>\n<tr>\n<td>Mauno Hokkanen<\/td>\n<td width=\"10\">\u00a0<\/td>\n<td>Riitta Sarf<\/td>\n<td width=\"10\">\u00a0<\/td>\n<\/tr>\n<tr>\n<td>P\u00e4ivi Hokkanen<\/td>\n<td>\u00a0<\/td>\n<td>Tellervo Himanen<\/td>\n<td>\u00a0<\/td>\n<\/tr>\n<tr>\n<td>\u00a0<\/td>\n<td>\u00a0<\/td>\n<td>Pirkko Kivisaari<\/td>\n<td>\u00a0<\/td>\n<\/tr>\n<tr>\n<td><strong><span class=\"valiotsikko\">Jeremias<\/span><\/strong><\/td>\n<td>\u00a0<\/td>\n<td><strong><span class=\"valiotsikko\">Karoliina<\/span><\/strong><\/td>\n<td>\u00a0<\/td>\n<\/tr>\n<tr>\n<td>Heikki Olkkonen<\/td>\n<td>\u00a0<\/td>\n<td>Timo Hintikka<\/td>\n<td>\u00a0<\/td>\n<\/tr>\n<tr>\n<td>Timo Olkkonen<\/td>\n<td>\u00a0<\/td>\n<td><strong><span class=\"valiotsikko\">Vilppu<\/span><\/strong><\/td>\n<td>\u00a0<\/td>\n<\/tr>\n<tr>\n<td>Pasi Olkkonen<\/td>\n<td>\u00a0<\/td>\n<td>Vesa Olkkonen<\/td>\n<td>\u00a0<\/td>\n<\/tr>\n<tr>\n<td>Maritta Akman-Mustonen<\/td>\n<td>\u00a0<\/td>\n<td><strong><span class=\"valiotsikko\">Eva-Lydia<\/span><\/strong><\/td>\n<td>\u00a0<\/td>\n<\/tr>\n<tr>\n<td>\u00a0<\/td>\n<td>\u00a0<\/td>\n<td>Anneli Reina<\/td>\n<\/tr>\n<\/tbody>\n<\/table>\n<\/div>\n<\/div><\/div>\n<\/div>\n<div class='col-md-6 ' style='border-left-width:0px; border-right-width:0px'>\n<div class='quest-col-wrap'>\n<div data-wow-delay='800ms' class='quest-module-wrap ' style='padding-top:0px; padding-bottom:0px; padding-left:0px; padding-right:0px; margin-bottom:20px'>\n<figure style='text-align:center;'><a target='_blank' href='https:\/\/www.olkkoset.net\/site\/wp-content\/uploads\/2016\/03\/vaakuna.gif' class='lightbox gallery'><img src='https:\/\/www.olkkoset.net\/site\/wp-content\/uploads\/2016\/03\/vaakuna.gif' \/><\/a><\/figure>\n<\/div><\/div>\n<\/div><\/div>\n<\/p><\/div>\n<\/section>\n","protected":false},"excerpt":{"rendered":"<p>Olkkosten toimikunta Eri sukuhaaroille on nimetty oma yhteyshenkil\u00f6, jonka teht\u00e4v\u00e4n\u00e4 on v\u00e4litt\u00e4\u00e4 tietoa omasta sukuhaarastaan t\u00e4nne www-sivuille. Yhteyshenkil\u00f6iden lis\u00e4ksi sukutoimikuntaan kuuluu muutama suvun aktiivinen j\u00e4sen, jotka ovat auttaneet tietojen ker\u00e4\u00e4misess\u00e4, toiminnan organisoinnissa sek\u00e4 ensimm\u00e4isen sukukokouksen j\u00e4rjest\u00e4misess\u00e4. Maria \u00a0 Antti \u00a0 Mauno Hokkanen \u00a0 Riitta Sarf \u00a0 P\u00e4ivi Hokkanen \u00a0 Tellervo Himanen \u00a0 \u00a0 \u00a0 Pirkko [&hellip;]<\/p>\n","protected":false},"author":1,"featured_media":0,"parent":0,"menu_order":0,"comment_status":"closed","ping_status":"closed","template":"page-builder.php","meta":{"footnotes":""},"class_list":["post-10","page","type-page","status-publish","hentry"],"_links":{"self":[{"href":"https:\/\/www.olkkoset.net\/site\/wp-json\/wp\/v2\/pages\/10","targetHints":{"allow":["GET"]}}],"collection":[{"href":"https:\/\/www.olkkoset.net\/site\/wp-json\/wp\/v2\/pages"}],"about":[{"href":"https:\/\/www.olkkoset.net\/site\/wp-json\/wp\/v2\/types\/page"}],"author":[{"embeddable":true,"href":"https:\/\/www.olkkoset.net\/site\/wp-json\/wp\/v2\/users\/1"}],"replies":[{"embeddable":true,"href":"https:\/\/www.olkkoset.net\/site\/wp-json\/wp\/v2\/comments?post=10"}],"version-history":[{"count":5,"href":"https:\/\/www.olkkoset.net\/site\/wp-json\/wp\/v2\/pages\/10\/revisions"}],"predecessor-version":[{"id":77,"href":"https:\/\/www.olkkoset.net\/site\/wp-json\/wp\/v2\/pages\/10\/revisions\/77"}],"wp:attachment":[{"href":"https:\/\/www.olkkoset.net\/site\/wp-json\/wp\/v2\/media?parent=10"}],"curies":[{"name":"wp","href":"https:\/\/api.w.org\/{rel}","templated":true}]}}